{"id":1262,"date":"2022-08-07T20:57:25","date_gmt":"2022-08-07T18:57:25","guid":{"rendered":"https:\/\/nadarensemble.be\/?page_id=1262"},"modified":"2024-12-21T21:59:22","modified_gmt":"2024-12-21T20:59:22","slug":"over","status":"publish","type":"page","link":"https:\/\/nadarensemble.be\/nl\/over\/","title":{"rendered":"Over"},"content":{"rendered":"<figure class=\"wp-block-image alignleft size-large is-resized\"><img fetchpriority=\"high\" decoding=\"async\" width=\"683\" height=\"1024\" src=\"https:\/\/nadarensemble.be\/wp-content\/uploads\/2024\/12\/Nadar_Groepsfoto_2024_066-ZWLR-683x1024.jpg\" alt=\"\" class=\"wp-image-3839\" style=\"width:512px;height:768px\" srcset=\"https:\/\/nadarensemble.be\/wp-content\/uploads\/2024\/12\/Nadar_Groepsfoto_2024_066-ZWLR-683x1024.jpg 683w, https:\/\/nadarensemble.be\/wp-content\/uploads\/2024\/12\/Nadar_Groepsfoto_2024_066-ZWLR-320x480.jpg 320w, https:\/\/nadarensemble.be\/wp-content\/uploads\/2024\/12\/Nadar_Groepsfoto_2024_066-ZWLR-768x1151.jpg 768w, https:\/\/nadarensemble.be\/wp-content\/uploads\/2024\/12\/Nadar_Groepsfoto_2024_066-ZWLR-1024x1536.jpg 1024w, https:\/\/nadarensemble.be\/wp-content\/uploads\/2024\/12\/Nadar_Groepsfoto_2024_066-ZWLR-1366x2048.jpg 1366w, https:\/\/nadarensemble.be\/wp-content\/uploads\/2024\/12\/Nadar_Groepsfoto_2024_066-ZWLR-8x12.jpg 8w, https:\/\/nadarensemble.be\/wp-content\/uploads\/2024\/12\/Nadar_Groepsfoto_2024_066-ZWLR-scaled.jpg 1707w\" sizes=\"(max-width: 683px) 100vw, 683px\" \/><\/figure>\n\n\n\n<p>Avontuur, interdisciplinariteit en vooral een sterk en kritisch contact met de wereld van vandaag door o.a. het gebruik van nieuwe technologie\u00ebn. Dat zijn enkele van de belangrijkste doelstellingen van het Nadar Ensemble en wat we hopen te delen met Gaspard-F\u00e9lix Tournachon (1820-1910), wiens pseudoniem Nadar was. Hij was niet alleen een bekend fotograaf, ballonvaarder, karikaturist, spion, kunstcriticus en curator, maar hij organiseerde ook regelmatig informele \"salons\" waarvoor hij kunstenaars, denkers, schrijvers en wetenschappers uitnodigde en op die manier een echte interdisciplinaire dialoog tot stand bracht.&nbsp;<\/p>\n\n\n\n<p>Aangezien onze 21e eeuw pluriform is<strong><em>,&nbsp;<\/em><\/strong>is het Nadar Ensemble niet alleen gefascineerd door hedendaagse muziek, maar ook door film, beeldende kunst, performance, theater, installatiekunst en alles wat al dan niet onder deze categorie\u00ebn valt.  Nadar  wil vormen van muzikale presentatie ontwikkelen die deze wereld weerspiegelen, in een poging om nieuwe muziek sterker te verankeren in de wereld van vandaag.<\/p>\n\n\n\n<p>Nadar trad o.a. op op de Darmstadt International Ferienkurse f\u00fcr Neue Musik, Donaueschinger Musiktage, Ultima Oslo, Musica Strasbourg, Haus der Berliner Festspiele, Platforma Moskou, Holland Festival, Opera G\u00f6teborg, Tfnm Z\u00fcrich, Gaudeamus Utrecht, San Martin Buenos Aires, Acht Br\u00fccken Keulen, Tampere Biennale Finland, Harvard University Boston, Gogolfest Kiev, Cit\u00e9 de la musique Paris, Warsaw Autumn... Nadar werd uitgenodigd als gastcurator voor het SPOR festival in \u00c5rhus. Hoewel Nadar artist in residence is bij DE SINGEL Antwerpen, is zijn thuisstad Sint-Niklaas, bekend om zijn beroemde luchtballonfestival.<\/p>\n\n\n\n<p><\/p>","protected":false},"excerpt":{"rendered":"<p>Adventure, interdisciplinarity and above all a strong and critical contact with today\u2019s world through a.o. the use of new technologies. These are some of the main objectives for the Nadar Ensemble and what we hope to share with Gaspard-F\u00e9lix Tournachon (1820-1910), whose pseudonym was Nadar. He was not only a well-known photographer, balloonist, caricaturist, spy, [&hellip;]<\/p>","protected":false},"author":3,"featured_media":1892,"parent":0,"menu_order":0,"comment_status":"closed","ping_status":"closed","template":"","meta":{"_acf_changed":false,"_eb_attr":"","footnotes":""},"class_list":["post-1262","page","type-page","status-publish","has-post-thumbnail","hentry"],"acf":[],"_hostinger_reach_plugin_has_subscription_block":false,"_hostinger_reach_plugin_is_elementor":false,"_links":{"self":[{"href":"https:\/\/nadarensemble.be\/nl\/wp-json\/wp\/v2\/pages\/1262","targetHints":{"allow":["GET"]}}],"collection":[{"href":"https:\/\/nadarensemble.be\/nl\/wp-json\/wp\/v2\/pages"}],"about":[{"href":"https:\/\/nadarensemble.be\/nl\/wp-json\/wp\/v2\/types\/page"}],"author":[{"embeddable":true,"href":"https:\/\/nadarensemble.be\/nl\/wp-json\/wp\/v2\/users\/3"}],"replies":[{"embeddable":true,"href":"https:\/\/nadarensemble.be\/nl\/wp-json\/wp\/v2\/comments?post=1262"}],"version-history":[{"count":14,"href":"https:\/\/nadarensemble.be\/nl\/wp-json\/wp\/v2\/pages\/1262\/revisions"}],"predecessor-version":[{"id":3844,"href":"https:\/\/nadarensemble.be\/nl\/wp-json\/wp\/v2\/pages\/1262\/revisions\/3844"}],"wp:featuredmedia":[{"embeddable":true,"href":"https:\/\/nadarensemble.be\/nl\/wp-json\/wp\/v2\/media\/1892"}],"wp:attachment":[{"href":"https:\/\/nadarensemble.be\/nl\/wp-json\/wp\/v2\/media?parent=1262"}],"curies":[{"name":"wp","href":"https:\/\/api.w.org\/{rel}","templated":true}]}}